{"id":47,"date":"2020-06-02T12:36:34","date_gmt":"2020-06-02T12:36:34","guid":{"rendered":"https:\/\/jugendarbeit.stgeorgen.ch\/?page_id=47"},"modified":"2025-12-26T17:14:17","modified_gmt":"2025-12-26T15:14:17","slug":"jugendarbeit-st-georgen","status":"publish","type":"page","link":"https:\/\/jugendarbeit.stgeorgen.ch\/","title":{"rendered":"Kinderwoche St.Georgen"},"content":{"rendered":"\n<p>Komm mit und tauche ein in eine Welt mit den<\/p>\n\n\n\n<p><strong>\u00ab&nbsp;<\/strong><strong>Globis &#8211; Abendteuer&nbsp;\u00bb<\/strong><\/p>\n\n\n\n<p>Bim&nbsp;Choche \u00fcber em F\u00fc\u00fcr, L\u00e4b\u00e4sfreund finde, uf de Spure vo Gheimnis, Sport, wandere, Gl\u00e4ndespiel, Lache, Z\u00e4mehalt, Spieli, Schlangebrot, Neui W\u00e4lte entdecke, Neui Ort erkunde, Br\u00f6\u00f6tle, bastle, Lager &#8211; Tee, zemesii, Abent\u00fc\u00fcr, Zeme Esse, Action, Fun, Spass, Wald erforsche&nbsp;und no vieles me&#8230;&nbsp;<\/p>\n\n\n\n<p>In den Fr\u00fchlingsferien organisieren die evangelische und katholische Kinder- und Jugendarbeit St.Georgen, gemeinsam mit sehr motivierten Jugendlichen, eine \u00f6kumenische Kinderwoche.&nbsp;<\/p>\n\n\n\n<p><strong>Ort:<\/strong>&nbsp;&nbsp;&nbsp;&nbsp;&nbsp;&nbsp;&nbsp;&nbsp;&nbsp;&nbsp;&nbsp;&nbsp;&nbsp;&nbsp;&nbsp;&nbsp;&nbsp;St.Georgen und Umgebung<\/p>\n\n\n\n<p><strong>Zeit:<\/strong>&nbsp;&nbsp;&nbsp;&nbsp;&nbsp;&nbsp;&nbsp;&nbsp;&nbsp;&nbsp;&nbsp;&nbsp;&nbsp;&nbsp;&nbsp;&nbsp;jeweils ca. 8.30 \u2013 17.00 Uhr<\/p>\n\n\n\n<p><strong>Kosten:&nbsp;&nbsp;&nbsp;&nbsp;&nbsp;&nbsp;&nbsp;&nbsp;&nbsp;&nbsp;<\/strong>50.00 Fr.<\/p>\n\n\n\n<p><strong>Teilnahme:<\/strong>&nbsp;&nbsp;&nbsp;&nbsp;&nbsp;&nbsp;&nbsp;Sch\u00fcler\/-innen von der 1. bis zur 6. Klasse.&nbsp;<br><\/p>\n\n\n\n<p><strong>Leitung:<\/strong> Delia Zeller, Claudio Kasper, Lino Haltiner, Lena Ochsner, Melvin Maccagnan,<br>Nico Solenthaler, Thomas Mahr, Marc Kellenberger, Gioia Bianchi, Jano Haltiner, Marcel Kellenberger, Silas Guggenb\u00fchl, Mia Castelluzzo, Nilo Bianchi, Jeannot K\u00e4ppeli<\/p>\n\n\n\n<p><strong>Anmeldung:&nbsp;&nbsp;&nbsp;&nbsp;<\/strong>kinderwoche.stgeorgen.ch&nbsp;<\/p>\n\n\n\n<p><strong>Anmeldeschluss 27. M\u00e4rz 2026<\/strong><\/p>\n\n\n\n<p><strong>Informationen:<\/strong><\/p>\n\n\n\n<p>&nbsp;&nbsp;&nbsp;&nbsp;&nbsp;&nbsp;&nbsp;&nbsp;&nbsp;&nbsp;&nbsp;&nbsp;&nbsp;&nbsp;&nbsp;&nbsp;&nbsp;&nbsp;&nbsp;Claudio Kasper, Offene Arbeit mit Kindern &amp; Familien St.Georgen<\/p>\n\n\n\n<p class=\"has-vivid-red-color has-text-color\">071 224 06 57&nbsp;<a href=\"mailto:claudio.kasper@kathsg.ch\">claudio.kasper@kathsg.ch<\/a>&nbsp;&nbsp;<\/p>\n\n\n\n<div class=\"wp-block-file\"><a id=\"wp-block-file--media-a19f0e45-aabb-46ab-8c30-95129e53524d\" href=\"https:\/\/jugendarbeit.stgeorgen.ch\/wp-content\/uploads\/2025\/12\/Anmeldeflyer_Kinderwoche_StGeorgen_2026_web.pdf\">Anmeldeflyer_Kinderwoche_StGeorgen_2026_web<\/a><a href=\"https:\/\/jugendarbeit.stgeorgen.ch\/wp-content\/uploads\/2025\/12\/Anmeldeflyer_Kinderwoche_StGeorgen_2026_web.pdf\" class=\"wp-block-file__button wp-element-button\" download aria-describedby=\"wp-block-file--media-a19f0e45-aabb-46ab-8c30-95129e53524d\">Herunterladen<\/a><\/div>\n\n\n\n<div class=\"wp-block-contact-form-7-contact-form-selector\">\n<div class=\"wpcf7 no-js\" id=\"wpcf7-f99-o1\" lang=\"de-DE\" dir=\"ltr\" data-wpcf7-id=\"99\">\n<div class=\"screen-reader-response\"><p role=\"status\" aria-live=\"polite\" aria-atomic=\"true\"><\/p> <ul><\/ul><\/div>\n<form action=\"\/index.php\/wp-json\/wp\/v2\/pages\/47#wpcf7-f99-o1\" method=\"post\" class=\"wpcf7-form init\" aria-label=\"Kontaktformular\" novalidate=\"novalidate\" data-status=\"init\">\n<fieldset class=\"hidden-fields-container\"><input type=\"hidden\" name=\"_wpcf7\" value=\"99\" \/><input type=\"hidden\" name=\"_wpcf7_version\" value=\"6.1.5\" \/><input type=\"hidden\" name=\"_wpcf7_locale\" value=\"de_DE\" \/><input type=\"hidden\" name=\"_wpcf7_unit_tag\" value=\"wpcf7-f99-o1\" \/><input type=\"hidden\" name=\"_wpcf7_container_post\" value=\"0\" \/><input type=\"hidden\" name=\"_wpcf7_posted_data_hash\" value=\"\" \/><input type=\"hidden\" name=\"_wpcf7cf_hidden_group_fields\" value=\"[]\" \/><input type=\"hidden\" name=\"_wpcf7cf_hidden_groups\" value=\"[]\" \/><input type=\"hidden\" name=\"_wpcf7cf_visible_groups\" value=\"[]\" \/><input type=\"hidden\" name=\"_wpcf7cf_repeaters\" value=\"[]\" \/><input type=\"hidden\" name=\"_wpcf7cf_steps\" value=\"{}\" \/><input type=\"hidden\" name=\"_wpcf7cf_options\" value=\"{&quot;form_id&quot;:99,&quot;conditions&quot;:[{&quot;then_field&quot;:&quot;group-2Kind&quot;,&quot;and_rules&quot;:[{&quot;if_field&quot;:&quot;radio-2Kind&quot;,&quot;operator&quot;:&quot;equals&quot;,&quot;if_value&quot;:&quot;JA&quot;}]},{&quot;then_field&quot;:&quot;group-3Kind&quot;,&quot;and_rules&quot;:[{&quot;if_field&quot;:&quot;radio-3Kind&quot;,&quot;operator&quot;:&quot;equals&quot;,&quot;if_value&quot;:&quot;JA&quot;}]},{&quot;then_field&quot;:&quot;group-4Kind&quot;,&quot;and_rules&quot;:[{&quot;if_field&quot;:&quot;radio-4Kind&quot;,&quot;operator&quot;:&quot;equals&quot;,&quot;if_value&quot;:&quot;JA&quot;}]}],&quot;settings&quot;:{&quot;animation&quot;:&quot;yes&quot;,&quot;animation_intime&quot;:200,&quot;animation_outtime&quot;:200,&quot;conditions_ui&quot;:&quot;normal&quot;,&quot;notice_dismissed&quot;:false}}\" \/><input type=\"hidden\" name=\"_wpcf7_recaptcha_response\" value=\"\" \/>\n<\/fieldset>\n<p>Anmeldung f\u00fcr de Kinderwoche vom 7. - 10. April 2026<br \/>\n*Pflichtfelder\n<\/p>\n<p>1. Teilnehmende Person<br \/>\n<span class=\"wpcf7-form-control-wrap\" data-name=\"Vorname1\"><input size=\"40\" maxlength=\"400\" class=\"wpcf7-form-control wpcf7-text wpcf7-validates-as-required\" aria-required=\"true\" aria-invalid=\"false\" placeholder=\"1. Teilnehmende *Vorname\" value=\"\" type=\"text\" name=\"Vorname1\" \/><\/span><span class=\"wpcf7-form-control-wrap\" data-name=\"Name1\"><input size=\"40\" maxlength=\"400\" class=\"wpcf7-form-control wpcf7-text wpcf7-validates-as-required\" aria-required=\"true\" aria-invalid=\"false\" placeholder=\"1. Teilnehmende *Name\" value=\"\" type=\"text\" name=\"Name1\" \/><\/span><br \/>\nGeschlecht* <span class=\"wpcf7-form-control-wrap\" data-name=\"Geschlecht1\"><span class=\"wpcf7-form-control wpcf7-radio\"><span class=\"wpcf7-list-item first\"><label><input type=\"radio\" name=\"Geschlecht1\" value=\"weiblich\" \/><span class=\"wpcf7-list-item-label\">weiblich<\/span><\/label><\/span><span class=\"wpcf7-list-item last\"><label><input type=\"radio\" name=\"Geschlecht1\" value=\"m\u00e4nnlich\" \/><span class=\"wpcf7-list-item-label\">m\u00e4nnlich<\/span><\/label><\/span><\/span><\/span><br \/>\nGeburtsdatum* <span class=\"wpcf7-form-control-wrap\" data-name=\"Geburtsdatum1\"><input class=\"wpcf7-form-control wpcf7-date wpcf7-validates-as-required wpcf7-validates-as-date\" min=\"1980-01-01\" aria-required=\"true\" aria-invalid=\"false\" placeholder=\"1. Teilnehmer Geburtsdatum\" value=\"\" type=\"date\" name=\"Geburtsdatum1\" \/><\/span><br \/>\nVegi* <span class=\"wpcf7-form-control-wrap\" data-name=\"Vegi1\"><span class=\"wpcf7-form-control wpcf7-radio\"><span class=\"wpcf7-list-item first\"><label><input type=\"radio\" name=\"Vegi1\" value=\"JA\" \/><span class=\"wpcf7-list-item-label\">JA<\/span><\/label><\/span><span class=\"wpcf7-list-item last\"><label><input type=\"radio\" name=\"Vegi1\" value=\"NEIN\" \/><span class=\"wpcf7-list-item-label\">NEIN<\/span><\/label><\/span><\/span><\/span><br \/>\nUnfallversicherung (Name,Nr.) <span class=\"wpcf7-form-control-wrap\" data-name=\"Unfallversicherung1\"><input size=\"40\" maxlength=\"400\" class=\"wpcf7-form-control wpcf7-text wpcf7-validates-as-required\" aria-required=\"true\" aria-invalid=\"false\" placeholder=\"1. Teilnehmende *Unfallversicherung\" value=\"\" type=\"text\" name=\"Unfallversicherung1\" \/><\/span><br \/>\nAllergien\/Medikamente: Die wichtig zu wissen sind?<br \/>\n<span class=\"wpcf7-form-control-wrap\" data-name=\"AllergienMedikamente1\"><textarea cols=\"40\" rows=\"10\" maxlength=\"2000\" class=\"wpcf7-form-control wpcf7-textarea\" aria-invalid=\"false\" placeholder=\"1. Teilnehmende  Allergien\/Medikamente\" name=\"AllergienMedikamente1\"><\/textarea><\/span><br \/>\n_____________________________________________<br \/>\n&nbsp;<br \/>\nM\u00f6chten Sie einen 2. Teilnemenden hinzuf\u00fcgen mit der selben Andresse?<br \/>\n<span class=\"wpcf7-form-control-wrap\" data-name=\"radio-2Kind\"><span class=\"wpcf7-form-control wpcf7-radio\"><span class=\"wpcf7-list-item first\"><label><input type=\"radio\" name=\"radio-2Kind\" value=\"JA\" \/><span class=\"wpcf7-list-item-label\">JA<\/span><\/label><\/span><span class=\"wpcf7-list-item last\"><label><input type=\"radio\" name=\"radio-2Kind\" value=\"NEIN\" checked=\"checked\" \/><span class=\"wpcf7-list-item-label\">NEIN<\/span><\/label><\/span><\/span><\/span>\n<\/p>\n<div data-id=\"group-2Kind\" data-orig_data_id=\"group-2Kind\"  class=\"\" data-class=\"wpcf7cf_group\">\n\t<p><span class=\"wpcf7-form-control-wrap\" data-name=\"Vorname2\"><input size=\"40\" maxlength=\"400\" class=\"wpcf7-form-control wpcf7-text wpcf7-validates-as-required\" aria-required=\"true\" aria-invalid=\"false\" placeholder=\"2. Teilnehmende *Vorname\" value=\"\" type=\"text\" name=\"Vorname2\" \/><\/span><span class=\"wpcf7-form-control-wrap\" data-name=\"Name2\"><input size=\"40\" maxlength=\"400\" class=\"wpcf7-form-control wpcf7-text wpcf7-validates-as-required\" aria-required=\"true\" aria-invalid=\"false\" placeholder=\"2. Teilnehmende *Name\" value=\"\" type=\"text\" name=\"Name2\" \/><\/span><br \/>\nGeschlecht* <span class=\"wpcf7-form-control-wrap\" data-name=\"Geschlecht2\"><span class=\"wpcf7-form-control wpcf7-radio\"><span class=\"wpcf7-list-item first\"><label><input type=\"radio\" name=\"Geschlecht2\" value=\"weiblich\" \/><span class=\"wpcf7-list-item-label\">weiblich<\/span><\/label><\/span><span class=\"wpcf7-list-item last\"><label><input type=\"radio\" name=\"Geschlecht2\" value=\"m\u00e4nnlich\" \/><span class=\"wpcf7-list-item-label\">m\u00e4nnlich<\/span><\/label><\/span><\/span><\/span><br \/>\nGeburtsdatum* <span class=\"wpcf7-form-control-wrap\" data-name=\"Geburtsdatum2\"><input class=\"wpcf7-form-control wpcf7-date wpcf7-validates-as-required wpcf7-validates-as-date\" min=\"1980-01-01\" aria-required=\"true\" aria-invalid=\"false\" placeholder=\"2. Teilnehmer Geburtsdatum\" value=\"\" type=\"date\" name=\"Geburtsdatum2\" \/><\/span><br \/>\nVegi* <span class=\"wpcf7-form-control-wrap\" data-name=\"Vegi2\"><span class=\"wpcf7-form-control wpcf7-radio\"><span class=\"wpcf7-list-item first\"><label><input type=\"radio\" name=\"Vegi2\" value=\"JA\" \/><span class=\"wpcf7-list-item-label\">JA<\/span><\/label><\/span><span class=\"wpcf7-list-item last\"><label><input type=\"radio\" name=\"Vegi2\" value=\"NEIN\" \/><span class=\"wpcf7-list-item-label\">NEIN<\/span><\/label><\/span><\/span><\/span><br \/>\nUnfallversicherung (Name,Nr.) <span class=\"wpcf7-form-control-wrap\" data-name=\"Unfallversicherung2\"><input size=\"40\" maxlength=\"400\" class=\"wpcf7-form-control wpcf7-text wpcf7-validates-as-required\" aria-required=\"true\" aria-invalid=\"false\" placeholder=\"2. Teilnehmende *Unfallversicherung\" value=\"\" type=\"text\" name=\"Unfallversicherung2\" \/><\/span><br \/>\nAllergien\/Medikamente: Die wichtig zu wissen sind?<br \/>\n<span class=\"wpcf7-form-control-wrap\" data-name=\"AllergienMedikamente2\"><textarea cols=\"40\" rows=\"10\" maxlength=\"2000\" class=\"wpcf7-form-control wpcf7-textarea\" aria-invalid=\"false\" placeholder=\"2. Teilnehmende  Allergien\/Medikamente\" name=\"AllergienMedikamente2\"><\/textarea><\/span>\n\t<\/p>\n<\/div>\n<p>_____________________________________________<br \/>\n&nbsp;<br \/>\nM\u00f6chten Sie einen 3.Teilnemenden hinzuf\u00fcgen mit der selben Andresse?<br \/>\n<span class=\"wpcf7-form-control-wrap\" data-name=\"radio-3Kind\"><span class=\"wpcf7-form-control wpcf7-radio\"><span class=\"wpcf7-list-item first\"><label><input type=\"radio\" name=\"radio-3Kind\" value=\"JA\" \/><span class=\"wpcf7-list-item-label\">JA<\/span><\/label><\/span><span class=\"wpcf7-list-item last\"><label><input type=\"radio\" name=\"radio-3Kind\" value=\"NEIN\" checked=\"checked\" \/><span class=\"wpcf7-list-item-label\">NEIN<\/span><\/label><\/span><\/span><\/span>\n<\/p>\n<div data-id=\"group-3Kind\" data-orig_data_id=\"group-3Kind\"  class=\"\" data-class=\"wpcf7cf_group\">\n\t<p><span class=\"wpcf7-form-control-wrap\" data-name=\"Vorname3\"><input size=\"40\" maxlength=\"400\" class=\"wpcf7-form-control wpcf7-text wpcf7-validates-as-required\" aria-required=\"true\" aria-invalid=\"false\" placeholder=\"3. Teilnehmende *Vorname\" value=\"\" type=\"text\" name=\"Vorname3\" \/><\/span><span class=\"wpcf7-form-control-wrap\" data-name=\"Name3\"><input size=\"40\" maxlength=\"400\" class=\"wpcf7-form-control wpcf7-text wpcf7-validates-as-required\" aria-required=\"true\" aria-invalid=\"false\" placeholder=\"3. Teilnehmende *Name\" value=\"\" type=\"text\" name=\"Name3\" \/><\/span><br \/>\nGeschlecht* <span class=\"wpcf7-form-control-wrap\" data-name=\"Geschlecht3\"><span class=\"wpcf7-form-control wpcf7-radio\"><span class=\"wpcf7-list-item first\"><label><input type=\"radio\" name=\"Geschlecht3\" value=\"weiblich\" \/><span class=\"wpcf7-list-item-label\">weiblich<\/span><\/label><\/span><span class=\"wpcf7-list-item last\"><label><input type=\"radio\" name=\"Geschlecht3\" value=\"m\u00e4nnlich\" \/><span class=\"wpcf7-list-item-label\">m\u00e4nnlich<\/span><\/label><\/span><\/span><\/span><br \/>\nGeburtsdatum* <span class=\"wpcf7-form-control-wrap\" data-name=\"Geburtsdatum3\"><input class=\"wpcf7-form-control wpcf7-date wpcf7-validates-as-required wpcf7-validates-as-date\" min=\"1980-01-01\" aria-required=\"true\" aria-invalid=\"false\" placeholder=\"3. Teilnehmer Geburtsdatum\" value=\"\" type=\"date\" name=\"Geburtsdatum3\" \/><\/span><br \/>\nVegi* <span class=\"wpcf7-form-control-wrap\" data-name=\"Vegi3\"><span class=\"wpcf7-form-control wpcf7-radio\"><span class=\"wpcf7-list-item first\"><label><input type=\"radio\" name=\"Vegi3\" value=\"JA\" \/><span class=\"wpcf7-list-item-label\">JA<\/span><\/label><\/span><span class=\"wpcf7-list-item last\"><label><input type=\"radio\" name=\"Vegi3\" value=\"NEIN\" \/><span class=\"wpcf7-list-item-label\">NEIN<\/span><\/label><\/span><\/span><\/span><br \/>\nUnfallversicherung (Name,Nr.) <span class=\"wpcf7-form-control-wrap\" data-name=\"Unfallversicherung3\"><input size=\"40\" maxlength=\"400\" class=\"wpcf7-form-control wpcf7-text wpcf7-validates-as-required\" aria-required=\"true\" aria-invalid=\"false\" placeholder=\"3. Teilnehmende *Unfallversicherung\" value=\"\" type=\"text\" name=\"Unfallversicherung3\" \/><\/span><br \/>\nAllergien\/Medikamente: Die wichtig zu wissen sind?<br \/>\n<span class=\"wpcf7-form-control-wrap\" data-name=\"AllergienMedikamente3\"><textarea cols=\"40\" rows=\"10\" maxlength=\"2000\" class=\"wpcf7-form-control wpcf7-textarea\" aria-invalid=\"false\" placeholder=\"3. Teilnehmende  Allergien\/Medikamente\" name=\"AllergienMedikamente3\"><\/textarea><\/span>\n\t<\/p>\n<\/div>\n<p>_____________________________________________<br \/>\n&nbsp;<br \/>\nM\u00f6chten Sie einen 4.Teilnemenden hinzuf\u00fcgen mit der selben Andresse?<br \/>\n<span class=\"wpcf7-form-control-wrap\" data-name=\"radio-4Kind\"><span class=\"wpcf7-form-control wpcf7-radio\"><span class=\"wpcf7-list-item first\"><label><input type=\"radio\" name=\"radio-4Kind\" value=\"JA\" \/><span class=\"wpcf7-list-item-label\">JA<\/span><\/label><\/span><span class=\"wpcf7-list-item last\"><label><input type=\"radio\" name=\"radio-4Kind\" value=\"NEIN\" checked=\"checked\" \/><span class=\"wpcf7-list-item-label\">NEIN<\/span><\/label><\/span><\/span><\/span>\n<\/p>\n<div data-id=\"group-4Kind\" data-orig_data_id=\"group-4Kind\"  class=\"\" data-class=\"wpcf7cf_group\">\n\t<p><span class=\"wpcf7-form-control-wrap\" data-name=\"Vorname4\"><input size=\"40\" maxlength=\"400\" class=\"wpcf7-form-control wpcf7-text wpcf7-validates-as-required\" aria-required=\"true\" aria-invalid=\"false\" placeholder=\"4. Teilnehmende *Vorname\" value=\"\" type=\"text\" name=\"Vorname4\" \/><\/span><span class=\"wpcf7-form-control-wrap\" data-name=\"Name4\"><input size=\"40\" maxlength=\"400\" class=\"wpcf7-form-control wpcf7-text wpcf7-validates-as-required\" aria-required=\"true\" aria-invalid=\"false\" placeholder=\"4. Teilnehmende *Name\" value=\"\" type=\"text\" name=\"Name4\" \/><\/span><br \/>\nGeschlecht* <span class=\"wpcf7-form-control-wrap\" data-name=\"Geschlecht4\"><span class=\"wpcf7-form-control wpcf7-radio\"><span class=\"wpcf7-list-item first\"><label><input type=\"radio\" name=\"Geschlecht4\" value=\"weiblich\" \/><span class=\"wpcf7-list-item-label\">weiblich<\/span><\/label><\/span><span class=\"wpcf7-list-item last\"><label><input type=\"radio\" name=\"Geschlecht4\" value=\"m\u00e4nnlich\" \/><span class=\"wpcf7-list-item-label\">m\u00e4nnlich<\/span><\/label><\/span><\/span><\/span><br \/>\nGeburtsdatum* <span class=\"wpcf7-form-control-wrap\" data-name=\"Geburtsdatum4\"><input class=\"wpcf7-form-control wpcf7-date wpcf7-validates-as-required wpcf7-validates-as-date\" min=\"1980-01-01\" aria-required=\"true\" aria-invalid=\"false\" placeholder=\"4. Teilnehmer Geburtsdatum\" value=\"\" type=\"date\" name=\"Geburtsdatum4\" \/><\/span><br \/>\nVegi* <span class=\"wpcf7-form-control-wrap\" data-name=\"Vegi4\"><span class=\"wpcf7-form-control wpcf7-radio\"><span class=\"wpcf7-list-item first\"><label><input type=\"radio\" name=\"Vegi4\" value=\"JA\" \/><span class=\"wpcf7-list-item-label\">JA<\/span><\/label><\/span><span class=\"wpcf7-list-item last\"><label><input type=\"radio\" name=\"Vegi4\" value=\"NEIN\" \/><span class=\"wpcf7-list-item-label\">NEIN<\/span><\/label><\/span><\/span><\/span><br \/>\nUnfallversicherung (Name,Nr.) <span class=\"wpcf7-form-control-wrap\" data-name=\"Unfallversicherung4\"><input size=\"40\" maxlength=\"400\" class=\"wpcf7-form-control wpcf7-text wpcf7-validates-as-required\" aria-required=\"true\" aria-invalid=\"false\" placeholder=\"4. Teilnehmende *Unfallversicherung\" value=\"\" type=\"text\" name=\"Unfallversicherung4\" \/><\/span><br \/>\nAllergien\/Medikamente: Die wichtig zu wissen sind?<br \/>\n<span class=\"wpcf7-form-control-wrap\" data-name=\"AllergienMedikamente4\"><textarea cols=\"40\" rows=\"10\" maxlength=\"2000\" class=\"wpcf7-form-control wpcf7-textarea\" aria-invalid=\"false\" placeholder=\"4. Teilnehmende  Allergien\/Medikamente\" name=\"AllergienMedikamente4\"><\/textarea><\/span>\n\t<\/p>\n<\/div>\n<p>_____________________________________________<br \/>\n&nbsp;<br \/>\nKontaktdaten<br \/>\n<span class=\"wpcf7-form-control-wrap\" data-name=\"Strasse\"><input size=\"40\" maxlength=\"400\" class=\"wpcf7-form-control wpcf7-text wpcf7-validates-as-required\" aria-required=\"true\" aria-invalid=\"false\" placeholder=\"*Strasse\" value=\"\" type=\"text\" name=\"Strasse\" \/><\/span><br \/>\n<span class=\"wpcf7-form-control-wrap\" data-name=\"PLZ\"><input size=\"40\" maxlength=\"400\" class=\"wpcf7-form-control wpcf7-text wpcf7-validates-as-required\" aria-required=\"true\" aria-invalid=\"false\" placeholder=\"*PLZ\" value=\"\" type=\"text\" name=\"PLZ\" \/><\/span><span class=\"wpcf7-form-control-wrap\" data-name=\"Ort\"><input size=\"40\" maxlength=\"400\" class=\"wpcf7-form-control wpcf7-text wpcf7-validates-as-required\" aria-required=\"true\" aria-invalid=\"false\" placeholder=\"*Ort\" value=\"\" type=\"text\" name=\"Ort\" \/><\/span><br \/>\n<span class=\"wpcf7-form-control-wrap\" data-name=\"Mailadresse\"><input size=\"40\" maxlength=\"400\" class=\"wpcf7-form-control wpcf7-email wpcf7-validates-as-required wpcf7-text wpcf7-validates-as-email\" aria-required=\"true\" aria-invalid=\"false\" placeholder=\"*Mailadresse\" value=\"\" type=\"email\" name=\"Mailadresse\" \/><\/span><br \/>\nBemerkungen<br \/>\n<span class=\"wpcf7-form-control-wrap\" data-name=\"Bemerkungen\"><textarea cols=\"40\" rows=\"10\" maxlength=\"2000\" class=\"wpcf7-form-control wpcf7-textarea\" aria-invalid=\"false\" placeholder=\"Bemerkungen\" name=\"Bemerkungen\"><\/textarea><\/span>\n<\/p>\n<p>_____________________________________________<br \/>\nW\u00e4hrend der Kinderwoche ist im Notfall folgende Person tags\u00fcber erreichbar.\n<\/p>\n<p><span class=\"wpcf7-form-control-wrap\" data-name=\"NameMutter\"><input size=\"40\" maxlength=\"400\" class=\"wpcf7-form-control wpcf7-text\" aria-invalid=\"false\" placeholder=\"Name Mutter\" value=\"\" type=\"text\" name=\"NameMutter\" \/><\/span><span class=\"wpcf7-form-control-wrap\" data-name=\"Natel1\"><input size=\"40\" maxlength=\"400\" class=\"wpcf7-form-control wpcf7-text wpcf7-validates-as-required\" aria-required=\"true\" aria-invalid=\"false\" placeholder=\"* 1 Natel\" value=\"\" type=\"text\" name=\"Natel1\" \/><\/span><br \/>\n<span class=\"wpcf7-form-control-wrap\" data-name=\"NameVater\"><input size=\"40\" maxlength=\"400\" class=\"wpcf7-form-control wpcf7-text\" aria-invalid=\"false\" placeholder=\"Name Vater\" value=\"\" type=\"text\" name=\"NameVater\" \/><\/span><span class=\"wpcf7-form-control-wrap\" data-name=\"Natel2\"><input size=\"40\" maxlength=\"400\" class=\"wpcf7-form-control wpcf7-text\" aria-invalid=\"false\" placeholder=\"2 Natel\" value=\"\" type=\"text\" name=\"Natel2\" \/><\/span>\n<\/p>\n<p>Mit der Teilnahme am Lager erkl\u00e4ren sich die Teilnehmerinnen und Teilnehmer damit einverstanden, dass s\u00e4mtliche erstellten Filme und Fotos zu Werbezwecken f\u00fcr die Kinder und Jugendarbeit St.Georgen eingesetzt werden und auch auf Internetplattformen (z.B. Homepage) publiziert werden k\u00f6nnen.<br \/>\nDie Versicherung ist Sache der Teilnehmer\/-innen.<br \/>\n<span class=\"wpcf7-form-control-wrap\" data-name=\"radio-Einverstndniss\"><span class=\"wpcf7-form-control wpcf7-radio\"><span class=\"wpcf7-list-item first\"><label><input type=\"radio\" name=\"radio-Einverstndniss\" value=\"JA\" checked=\"checked\" \/><span class=\"wpcf7-list-item-label\">JA<\/span><\/label><\/span><span class=\"wpcf7-list-item last\"><label><input type=\"radio\" name=\"radio-Einverstndniss\" value=\"NEIN\" \/><span class=\"wpcf7-list-item-label\">NEIN<\/span><\/label><\/span><\/span><\/span>\n<\/p>\n<p><input class=\"wpcf7-form-control wpcf7-submit has-spinner\" type=\"submit\" value=\"Senden\" \/>\n<\/p>\n<p>ACHTUNG!!! Je nach Internetverbindung kann das Senden einige Minuten dauern. Bitte warten Sie bis der Text: \"Vielen Dank f\u00fcr ihre Anmeldung. Sie wurde gesendet.\" auf dieser Seite erscheint. Ausserdem pr\u00fcfen Sie ihren Posteingang (auch Spam Ordner) ob Sie eine Mail von der Kinderwoche St.Gerogen erhalten haben. Ansonsten melden Sie sich bei uns.\n<\/p><div class=\"wpcf7-response-output\" aria-hidden=\"true\"><\/div>\n<\/form>\n<\/div>\n<\/div>\n\n\n\n<div class=\"wp-block-group alignfull\"><div class=\"wp-block-group__inner-container is-layout-flow wp-block-group-is-layout-flow\"><\/div><\/div>\n\n\n\n<p><\/p>\n","protected":false},"excerpt":{"rendered":"<p>Komm mit und tauche ein in eine Welt mit den \u00ab&nbsp;Globis &#8211; Abendteuer&nbsp;\u00bb Bim&nbsp;Choche \u00fcber em F\u00fc\u00fcr, L\u00e4b\u00e4sfreund finde, uf de Spure vo Gheimnis, Sport, wandere, Gl\u00e4ndespiel, Lache, Z\u00e4mehalt, Spieli, Schlangebrot, Neui W\u00e4lte entdecke, Neui Ort erkunde, Br\u00f6\u00f6tle, bastle, Lager &#8211; Tee, zemesii, Abent\u00fc\u00fcr, Zeme Esse, Action, Fun, Spass, Wald erforsche&nbsp;und no vieles me&#8230;&nbsp; In [&hellip;]<\/p>\n","protected":false},"author":1,"featured_media":757,"parent":0,"menu_order":0,"comment_status":"closed","ping_status":"closed","template":"","meta":{"footnotes":""},"class_list":["post-47","page","type-page","status-publish","has-post-thumbnail","hentry"],"_links":{"self":[{"href":"https:\/\/jugendarbeit.stgeorgen.ch\/index.php\/wp-json\/wp\/v2\/pages\/47","targetHints":{"allow":["GET"]}}],"collection":[{"href":"https:\/\/jugendarbeit.stgeorgen.ch\/index.php\/wp-json\/wp\/v2\/pages"}],"about":[{"href":"https:\/\/jugendarbeit.stgeorgen.ch\/index.php\/wp-json\/wp\/v2\/types\/page"}],"author":[{"embeddable":true,"href":"https:\/\/jugendarbeit.stgeorgen.ch\/index.php\/wp-json\/wp\/v2\/users\/1"}],"replies":[{"embeddable":true,"href":"https:\/\/jugendarbeit.stgeorgen.ch\/index.php\/wp-json\/wp\/v2\/comments?post=47"}],"version-history":[{"count":16,"href":"https:\/\/jugendarbeit.stgeorgen.ch\/index.php\/wp-json\/wp\/v2\/pages\/47\/revisions"}],"predecessor-version":[{"id":767,"href":"https:\/\/jugendarbeit.stgeorgen.ch\/index.php\/wp-json\/wp\/v2\/pages\/47\/revisions\/767"}],"wp:featuredmedia":[{"embeddable":true,"href":"https:\/\/jugendarbeit.stgeorgen.ch\/index.php\/wp-json\/wp\/v2\/media\/757"}],"wp:attachment":[{"href":"https:\/\/jugendarbeit.stgeorgen.ch\/index.php\/wp-json\/wp\/v2\/media?parent=47"}],"curies":[{"name":"wp","href":"https:\/\/api.w.org\/{rel}","templated":true}]}}